{"id":5567,"date":"2022-05-16T13:26:21","date_gmt":"2022-05-16T11:26:21","guid":{"rendered":"https:\/\/gmflex.wpengine.com\/pharmalundensis\/?page_id=5567"},"modified":"2026-01-14T11:46:34","modified_gmt":"2026-01-14T10:46:34","slug":"integritetspolicy","status":"publish","type":"page","link":"https:\/\/pharmalundensis.se\/en\/integritetspolicy\/","title":{"rendered":"Integritetspolicy (in swedish)"},"content":{"rendered":"<h2>Behandling av personuppgifter<\/p>\n<h2>\n<h3>Viktiga begrepp<\/h3>\n<p>En <strong>personuppgift<\/strong> \u00e4r en upplysning som direkt eller indirekt kan knytas till en fysisk levande person. Exempel p\u00e5 personuppgifter \u00e4r namn, adress, telefonnummer och e-postadress. Under vissa omst\u00e4ndigheter kan \u00e4ven uppgifter om IP-nummer och ditt anv\u00e4ndarbeteende vid nyttjande av v\u00e5ra tj\u00e4nster utg\u00f6ra personuppgifter.<\/p>\n<p><strong>Behandling<\/strong> av personuppgifter menas all hantering av personuppgifter, exempelvis insamling, registrering, organisering och lagring.<\/p>\n<p><strong>Personuppgiftsansvarig<\/strong> \u00e4r den som ensam eller tillsammans med annan best\u00e4mmer \u00e4ndam\u00e5l och medel f\u00f6r behandlingen av personuppgifterna och som ytterst ansvarar f\u00f6r att behandlingen sker i enlighet med till\u00e4mplig personuppgiftslagstiftning.<\/p>\n<h2>Introduktion<\/h2>\n<p>Vi v\u00e4rnar om din integritet och efterstr\u00e4var alltid en h\u00f6g niv\u00e5 av dataskydd. Denna integritetspolicy f\u00f6rklarar och f\u00f6rtydligar hur vi som personuppgiftsansvariga samlar in och anv\u00e4nder persondata och hur den hanteras p\u00e5 denna webbplats enligt g\u00e4llande lagar och f\u00f6rordningar s\u00e5som (EU) 2016\/279, den allm\u00e4nna dataskyddsf\u00f6rordningen (GDPR).<\/p>\n<h2>Vilken information samlar vi in om dig? <\/h2>\n<p>Vi samlar in uppgifter om dig n\u00e4r du skickar in ett formul\u00e4r och \u00e4ven vid anv\u00e4ndning av v\u00e5ra tj\u00e4nster. F\u00f6r att du b\u00e4ttre ska kunna f\u00f6rst\u00e5 hur vi behandlar information om dig redovisar vi nedan v\u00e5r hantering av b\u00e5de personuppgifterna du l\u00e4mnar till oss och de vi samlar in vid anv\u00e4ndandet av tj\u00e4nsterna.<\/p>\n<h3>Uppgifter som du sj\u00e4lv l\u00e4mnar till oss<\/h3>\n<p>N\u00e4r du fyller i ett formul\u00e4r samlas de uppgifter in som du skriver in i f\u00e4lten i formul\u00e4ret.<\/p>\n<h3>Information vi samlar in om dig<\/h3>\n<p>N\u00e4r du anv\u00e4nder v\u00e5ra tj\u00e4nster\/webbplatser lagrar vi information om din anv\u00e4ndning. Informationen som lagras kan delas upp i olika kategorier:<\/p>\n<ul>\n<li><strong>Teknisk information\/enhetsinformation<\/strong> &#8211; Genom loggar registrerar vi teknisk information om den enheten och den uppkoppling du surfar med p\u00e5 v\u00e5ra webbplatser\/tj\u00e4nster. Den tekniska informationen omfattar \u00e4ven webbl\u00e4sare, operativsystem, IP-nummer, cookies och tokens.<\/li>\n<li><strong>Geografisk information<\/strong> &#8211; N\u00e4r du anv\u00e4nder v\u00e5r webbplatser\/tj\u00e4nster ber\u00e4knar vi din geografiska position. Om du har godk\u00e4nt platstj\u00e4nster p\u00e5 din enhet samlar vi l\u00f6pande in uppgifter om din geografiska position.<\/li>\n<\/ul>\n<h3>Vad anv\u00e4nds uppgifterna till?<\/h3>\n<p>Vi behandlar dina personuppgifter enligt g\u00e4llande lagstiftning. All data anv\u00e4nds och behandlas f\u00f6r att tillhandah\u00e5lla, fullf\u00f6lja \u00e5taganden, utf\u00f6ra och f\u00f6rb\u00e4ttra v\u00e5ra tj\u00e4nster till dig som kund\/bes\u00f6kare.<\/p>\n<h2>Hur l\u00e4nge sparar vi dina personuppgifter?<\/h2>\n<p>Vi sparar dina uppgifter s\u00e5 l\u00e4nge som det kr\u00e4vs f\u00f6r \u00e4ndam\u00e5let av behandlingen. Vi sparar dina uppgifter s\u00e5 l\u00e4nge det \u00e4r n\u00f6dv\u00e4ndigt f\u00f6r att utf\u00f6ra v\u00e5ra \u00e5taganden gentemot dig och s\u00e5 l\u00e4nge det kr\u00e4vs enligt lagstadgade lagringstider.<\/p>\n<h2>Vilka kan vi komma att dela din information till?<\/h2>\n<p>Dina Personuppgifter behandlas av PharmaLundensis AB, dess dotterbolag <small>[*2]<\/small> och PharmaLundensis ABs personuppgiftsbitr\u00e4den. I \u00f6vrigt l\u00e4mnar vi inte ut personuppgifter till andra bolag eller till myndigheter om det inte kr\u00e4vs f\u00f6r n\u00f6dv\u00e4ndig hantering f\u00f6r uppfyllande av PharmaLundensis ABs r\u00e4ttsliga f\u00f6rpliktelser, f\u00f6rordning eller myndighetsbeslut eller f\u00f6r att skydda v\u00e5ra r\u00e4ttigheter eller tredje parts r\u00e4ttigheter.<\/p>\n<p>Vi vidarebefordrar, s\u00e4ljer eller byter aldrig dina Personuppgifter f\u00f6r marknadsf\u00f6rings\u00e4ndam\u00e5l till tredje part utanf\u00f6r PharmaLundensis AB.<\/p>\n<h2>\u00d6verf\u00f6ring av personuppgifter till tredjeland?<\/h2>\n<p>PharmaLundensis AB \u00f6verf\u00f6r inte dina Personuppgifter till l\u00e4nder utanf\u00f6r EU\/EES om inte detta s\u00e4rskilt angivits i samband med att du l\u00e4mnar dina Personuppgifter till oss.<\/p>\n<h2>Hur skyddas dina uppgifter?<\/h2>\n<p>PharmaLundensis AB och PharmaLundensis ABs personuppgiftsbitr\u00e4den skyddar dina personuppgifter genom tekniska och organisatoriska s\u00e4kerhets\u00e5tg\u00e4rder. F\u00f6r att f\u00f6rhindra obeh\u00f6rig \u00e5tkomst och f\u00f6r riktigheten hos informationen anv\u00e4nder vi oss av kryptering n\u00e4r k\u00e4nsliga uppgifter, s\u00e5som [beskriv uppgifter], behandlas.<\/p>\n<h2>Var behandlar vi dina personuppgifter?<\/h2>\n<p>Vi str\u00e4var alltid efter att behandla din data inom EU\/EES. Om vi \u00f6verf\u00f6r dina personuppgifter till tredje land, d.v.s land utanf\u00f6r EU\/ESS kommer vi att vidta alla rimliga legala, tekniska och organisatoriska \u00e5tg\u00e4rder f\u00f6r att s\u00e4kerst\u00e4lla att din data hanteras s\u00e4kert och med en adekvat skyddsniv\u00e5 j\u00e4mf\u00f6rbar med och i samma niv\u00e5 som det skydd som erbjuds inom EU\/EES.<\/p>\n<h2>Cookies<\/h2>\n<p>PharmaLundensis AB anv\u00e4nder cookies p\u00e5 webbsidorna och i tj\u00e4nsterna. Cookies \u00e4r en liten textfil fr\u00e5n v\u00e5r webbserver som lagras i bes\u00f6karens dator. Cookies anv\u00e4nds f\u00f6r att samla in statistik om v\u00e5ra l\u00e4sare och f\u00f6r att personanpassa delar av sajten och v\u00e5ra produkter och tj\u00e4nster. Dessutom anv\u00e4nds cookies f\u00f6r att styra v\u00e5ra annonser. [*4] Om du vill undvika cookies fr\u00e5n oss och v\u00e5ra samarbetspartners kan du ta bort dessa eller v\u00e4lja att cookies inte lagras i din webbl\u00e4sare. Det g\u00f6r du i inst\u00e4llningarna f\u00f6r din webbl\u00e4sare. T\u00e4nk p\u00e5 att dina personliga inst\u00e4llningar p\u00e5 v\u00e5ra webbsidor d\u00e4rmed f\u00f6rsvinner. Du p\u00e5minns ocks\u00e5 om att \u00e4ndrade inst\u00e4llningar i din webbl\u00e4sare kan p\u00e5verka funktionaliteter och visst inneh\u00e5ll i v\u00e5ra digitala tj\u00e4nster.<\/p>\n<p>L\u00e4s mer i <a href=\"\/cookiepolicy\">v\u00e5r Cookiepolicy<\/a>.<\/p>\n<h2>Vad har du f\u00f6r r\u00e4ttigheter som registrerad?<\/h2>\n<p>Du har r\u00e4tt att n\u00e4r som helst beg\u00e4ra information om vilka Personuppgifter vi har behandlar om dig.<\/p>\n<ul>\n<li>Om dina uppgifter \u00e4r felaktiga, ofullst\u00e4ndiga eller irrelevanta, kan du beg\u00e4ra att f\u00e5 dem r\u00e4ttade.<\/li>\n<li>Du har r\u00e4tt att beg\u00e4ra att v\u00e5r behandling av dina Personuppgifter begr\u00e4nsas.<\/li>\n<li>Du har r\u00e4tt att beg\u00e4ra att vi raderar dina Personuppgifter. Vi kan ha r\u00e4tt att neka din beg\u00e4ran ifall det finns legala skyldigheter som hindrar oss fr\u00e5n att omedelbart radera vissa Personuppgifter. Dessa skyldigheter kommer fr\u00e5n bokf\u00f6rings- och skattelagstiftning, bank- och penningtv\u00e4ttslagstiftning. Samma g\u00e4ller om behandlingen \u00e4r n\u00f6dv\u00e4ndig f\u00f6r att vi ska kunna fastst\u00e4lla, g\u00f6ra g\u00e4llande eller f\u00f6rsvara r\u00e4ttsliga anspr\u00e5k. Skulle vi vara f\u00f6rhindrade att tillm\u00f6tesg\u00e5 en beg\u00e4ran om radering kommer vi ist\u00e4llet att blockera Personuppgifterna fr\u00e5n att kunna anv\u00e4ndas till andra syften \u00e4n det syfte som hindrar den beg\u00e4rda raderingen.<\/li>\n<li>Du har alltid r\u00e4tt att inv\u00e4nda mot vissa typ av behandling, exempelvis mot direktmarknadsf\u00f6ring och att inv\u00e4nda mot all behandling av Personuppgifter som bygger p\u00e5 en intresseavv\u00e4gning.<\/li>\n<li>Om v\u00e5r r\u00e4tt att behandla dina Personuppgifter grundar sig antingen p\u00e5 ditt samtycke eller fullg\u00f6rande av ett avtal med dig har du r\u00e4tt att beg\u00e4ra att f\u00e5 de uppgifter som r\u00f6r dig och som du har l\u00e4mnat till oss \u00f6verf\u00f6rda till en annan personuppgiftsansvarig (s.k. dataportabilitet).<\/li>\n<li>F\u00f6r det fall du har l\u00e4mnat samtycke till viss behandling har du alltid r\u00e4tt att n\u00e4r som helst \u00e5terkalla ditt samtycke. \u00c5terkalla du ditt samtycke kommer behandlingen som baseras p\u00e5 ditt samtycke att upph\u00f6ra, om inte PharmaLundensis AB bed\u00f6mer att det finns en annan legal grund f\u00f6r behandlingen.<\/li>\n<\/ul>\n<p>F\u00f6r att ut\u00f6va dina r\u00e4ttigheter enligt ovan, v\u00e4nligen kontakta oss p\u00e5: <a href=\"mailto:staffan.skogvall@pharmalundensis.se\">staffan.skogvall@pharmalundensis.se<\/a><\/p>\n<p>Du har vidare r\u00e4tt att i f\u00f6rekommande fall inge klagom\u00e5l till Datainspektionen som \u00e4r tillsynsmyndighet f\u00f6r behandling av Personuppgifter.<\/p>\n<h2>\u00c4ndringar i personuppgiftspolicyn<\/h2>\n<p>PharmaLundensis AB g\u00f6r l\u00f6pande \u00e4ndringar i denna Integritetspolicy. En ny version blir g\u00e4llande n\u00e4r den g\u00f6rs tillg\u00e4nglig p\u00e5 webbplatsen. Om v\u00e4sentliga f\u00f6r\u00e4ndringar g\u00f6rs, som kr\u00e4ver ditt samtycke, kommer vi att meddela dig.<\/p>\n<h2>Kontakta oss<\/h2>\n<p>Tveka inte att kontakta oss om du har n\u00e5gra fr\u00e5gor om v\u00e5r behandling av dina Personuppgifter eller om denna Integritetspolicy. Du kontaktar oss enklast h\u00e4r: <a href=\"mailto:staffan.skogvall@pharmalundensis.se\">staffan.skogvall@pharmalundensis.se<\/a><\/p>\n","protected":false},"excerpt":{"rendered":"<p>Behandling av personuppgifter Viktiga begrepp En personuppgift \u00e4r en upplysning som direkt eller indirekt kan knytas till en fysisk levande [&hellip;]<\/p>\n","protected":false},"author":1,"featured_media":0,"parent":0,"menu_order":0,"comment_status":"closed","ping_status":"closed","template":"","meta":{"_acf_changed":false,"_monsterinsights_skip_tracking":false,"_monsterinsights_sitenote_active":false,"_monsterinsights_sitenote_note":"","_monsterinsights_sitenote_category":0,"footnotes":""},"class_list":["post-5567","page","type-page","status-publish","hentry"],"acf":[],"yoast_head":"<!-- This site is optimized with the Yoast SEO plugin v27.3 - https:\/\/yoast.com\/product\/yoast-seo-wordpress\/ -->\n<title>Integritetspolicy (in swedish) - Pharmalundensis<\/title>\n<meta name=\"description\" content=\"Behandling av personuppgifter Viktiga begrepp En personuppgift \u00e4r en upplysning som direkt eller indirekt kan knytas till en fysisk levande person.\" \/>\n<meta name=\"robots\" content=\"index, follow, max-snippet:-1, max-image-preview:large, max-video-preview:-1\" \/>\n<link rel=\"canonical\" href=\"https:\/\/pharmalundensis.se\/en\/integritetspolicy\/\" \/>\n<meta property=\"og:locale\" content=\"en_US\" \/>\n<meta property=\"og:type\" content=\"article\" \/>\n<meta property=\"og:title\" content=\"Integritetspolicy (in swedish) - Pharmalundensis\" \/>\n<meta property=\"og:description\" content=\"Behandling av personuppgifter Viktiga begrepp En personuppgift \u00e4r en upplysning som direkt eller indirekt kan knytas till en fysisk levande person.\" \/>\n<meta property=\"og:url\" content=\"https:\/\/pharmalundensis.se\/en\/integritetspolicy\/\" \/>\n<meta property=\"og:site_name\" content=\"Pharmalundensis\" \/>\n<meta property=\"article:modified_time\" content=\"2026-01-14T10:46:34+00:00\" \/>\n<meta name=\"twitter:card\" content=\"summary_large_image\" \/>\n<meta name=\"twitter:label1\" content=\"Est. reading time\" \/>\n\t<meta name=\"twitter:data1\" content=\"6 minutes\" \/>\n<script type=\"application\/ld+json\" class=\"yoast-schema-graph\">{\"@context\":\"https:\\\/\\\/schema.org\",\"@graph\":[{\"@type\":\"WebPage\",\"@id\":\"https:\\\/\\\/pharmalundensis.se\\\/en\\\/integritetspolicy\\\/\",\"url\":\"https:\\\/\\\/pharmalundensis.se\\\/en\\\/integritetspolicy\\\/\",\"name\":\"Integritetspolicy (in swedish) - Pharmalundensis\",\"isPartOf\":{\"@id\":\"https:\\\/\\\/pharmalundensis.se\\\/#website\"},\"datePublished\":\"2022-05-16T11:26:21+00:00\",\"dateModified\":\"2026-01-14T10:46:34+00:00\",\"description\":\"Behandling av personuppgifter Viktiga begrepp En personuppgift \u00e4r en upplysning som direkt eller indirekt kan knytas till en fysisk levande person.\",\"breadcrumb\":{\"@id\":\"https:\\\/\\\/pharmalundensis.se\\\/en\\\/integritetspolicy\\\/#breadcrumb\"},\"inLanguage\":\"en-US\",\"potentialAction\":[{\"@type\":\"ReadAction\",\"target\":[\"https:\\\/\\\/pharmalundensis.se\\\/en\\\/integritetspolicy\\\/\"]}]},{\"@type\":\"BreadcrumbList\",\"@id\":\"https:\\\/\\\/pharmalundensis.se\\\/en\\\/integritetspolicy\\\/#breadcrumb\",\"itemListElement\":[{\"@type\":\"ListItem\",\"position\":1,\"name\":\"Hem\",\"item\":\"https:\\\/\\\/pharmalundensis.se\\\/en\\\/\"},{\"@type\":\"ListItem\",\"position\":2,\"name\":\"Integritetspolicy (in swedish)\"}]},{\"@type\":\"WebSite\",\"@id\":\"https:\\\/\\\/pharmalundensis.se\\\/#website\",\"url\":\"https:\\\/\\\/pharmalundensis.se\\\/\",\"name\":\"Pharmalundensis\",\"description\":\"\",\"publisher\":{\"@id\":\"https:\\\/\\\/pharmalundensis.se\\\/#organization\"},\"potentialAction\":[{\"@type\":\"SearchAction\",\"target\":{\"@type\":\"EntryPoint\",\"urlTemplate\":\"https:\\\/\\\/pharmalundensis.se\\\/?s={search_term_string}\"},\"query-input\":{\"@type\":\"PropertyValueSpecification\",\"valueRequired\":true,\"valueName\":\"search_term_string\"}}],\"inLanguage\":\"en-US\"},{\"@type\":\"Organization\",\"@id\":\"https:\\\/\\\/pharmalundensis.se\\\/#organization\",\"name\":\"Pharmalundensis\",\"url\":\"https:\\\/\\\/pharmalundensis.se\\\/\",\"logo\":{\"@type\":\"ImageObject\",\"inLanguage\":\"en-US\",\"@id\":\"https:\\\/\\\/pharmalundensis.se\\\/#\\\/schema\\\/logo\\\/image\\\/\",\"url\":\"\",\"contentUrl\":\"\",\"caption\":\"Pharmalundensis\"},\"image\":{\"@id\":\"https:\\\/\\\/pharmalundensis.se\\\/#\\\/schema\\\/logo\\\/image\\\/\"}}]}<\/script>\n<!-- \/ Yoast SEO plugin. -->","yoast_head_json":{"title":"Integritetspolicy (in swedish) - Pharmalundensis","description":"Behandling av personuppgifter Viktiga begrepp En personuppgift \u00e4r en upplysning som direkt eller indirekt kan knytas till en fysisk levande person.","robots":{"index":"index","follow":"follow","max-snippet":"max-snippet:-1","max-image-preview":"max-image-preview:large","max-video-preview":"max-video-preview:-1"},"canonical":"https:\/\/pharmalundensis.se\/en\/integritetspolicy\/","og_locale":"en_US","og_type":"article","og_title":"Integritetspolicy (in swedish) - Pharmalundensis","og_description":"Behandling av personuppgifter Viktiga begrepp En personuppgift \u00e4r en upplysning som direkt eller indirekt kan knytas till en fysisk levande person.","og_url":"https:\/\/pharmalundensis.se\/en\/integritetspolicy\/","og_site_name":"Pharmalundensis","article_modified_time":"2026-01-14T10:46:34+00:00","twitter_card":"summary_large_image","twitter_misc":{"Est. reading time":"6 minutes"},"schema":{"@context":"https:\/\/schema.org","@graph":[{"@type":"WebPage","@id":"https:\/\/pharmalundensis.se\/en\/integritetspolicy\/","url":"https:\/\/pharmalundensis.se\/en\/integritetspolicy\/","name":"Integritetspolicy (in swedish) - Pharmalundensis","isPartOf":{"@id":"https:\/\/pharmalundensis.se\/#website"},"datePublished":"2022-05-16T11:26:21+00:00","dateModified":"2026-01-14T10:46:34+00:00","description":"Behandling av personuppgifter Viktiga begrepp En personuppgift \u00e4r en upplysning som direkt eller indirekt kan knytas till en fysisk levande person.","breadcrumb":{"@id":"https:\/\/pharmalundensis.se\/en\/integritetspolicy\/#breadcrumb"},"inLanguage":"en-US","potentialAction":[{"@type":"ReadAction","target":["https:\/\/pharmalundensis.se\/en\/integritetspolicy\/"]}]},{"@type":"BreadcrumbList","@id":"https:\/\/pharmalundensis.se\/en\/integritetspolicy\/#breadcrumb","itemListElement":[{"@type":"ListItem","position":1,"name":"Hem","item":"https:\/\/pharmalundensis.se\/en\/"},{"@type":"ListItem","position":2,"name":"Integritetspolicy (in swedish)"}]},{"@type":"WebSite","@id":"https:\/\/pharmalundensis.se\/#website","url":"https:\/\/pharmalundensis.se\/","name":"Pharmalundensis","description":"","publisher":{"@id":"https:\/\/pharmalundensis.se\/#organization"},"potentialAction":[{"@type":"SearchAction","target":{"@type":"EntryPoint","urlTemplate":"https:\/\/pharmalundensis.se\/?s={search_term_string}"},"query-input":{"@type":"PropertyValueSpecification","valueRequired":true,"valueName":"search_term_string"}}],"inLanguage":"en-US"},{"@type":"Organization","@id":"https:\/\/pharmalundensis.se\/#organization","name":"Pharmalundensis","url":"https:\/\/pharmalundensis.se\/","logo":{"@type":"ImageObject","inLanguage":"en-US","@id":"https:\/\/pharmalundensis.se\/#\/schema\/logo\/image\/","url":"","contentUrl":"","caption":"Pharmalundensis"},"image":{"@id":"https:\/\/pharmalundensis.se\/#\/schema\/logo\/image\/"}}]}},"rttpg_featured_image_url":null,"rttpg_author":{"display_name":"xlibris","author_link":"https:\/\/pharmalundensis.se\/en\/author\/xlibris\/"},"rttpg_comment":0,"rttpg_category":" <a href=\"https:\/\/pharmalundensis.se\/en\/?taxonomy=translation_priority&#038;term=valfritt-en\" rel=\"tag\">Valfritt<\/a>","rttpg_excerpt":"Behandling av personuppgifter Viktiga begrepp En personuppgift \u00e4r en upplysning som direkt eller indirekt kan knytas till en fysisk levande [&hellip;]","_links":{"self":[{"href":"https:\/\/pharmalundensis.se\/en\/wp-json\/wp\/v2\/pages\/5567","targetHints":{"allow":["GET"]}}],"collection":[{"href":"https:\/\/pharmalundensis.se\/en\/wp-json\/wp\/v2\/pages"}],"about":[{"href":"https:\/\/pharmalundensis.se\/en\/wp-json\/wp\/v2\/types\/page"}],"author":[{"embeddable":true,"href":"https:\/\/pharmalundensis.se\/en\/wp-json\/wp\/v2\/users\/1"}],"replies":[{"embeddable":true,"href":"https:\/\/pharmalundensis.se\/en\/wp-json\/wp\/v2\/comments?post=5567"}],"version-history":[{"count":0,"href":"https:\/\/pharmalundensis.se\/en\/wp-json\/wp\/v2\/pages\/5567\/revisions"}],"wp:attachment":[{"href":"https:\/\/pharmalundensis.se\/en\/wp-json\/wp\/v2\/media?parent=5567"}],"curies":[{"name":"wp","href":"https:\/\/api.w.org\/{rel}","templated":true}]}}