{"id":6386,"date":"2026-01-14T11:47:34","date_gmt":"2026-01-14T10:47:34","guid":{"rendered":"https:\/\/pharmalundensis.se\/?page_id=6386"},"modified":"2026-01-14T11:48:27","modified_gmt":"2026-01-14T10:48:27","slug":"cookiepolicy","status":"publish","type":"page","link":"https:\/\/pharmalundensis.se\/en\/cookiepolicy\/","title":{"rendered":"Cookiepolicy (in swedish)"},"content":{"rendered":"<h3>Om denna cookiepolicy<\/h3>\n<p>Den h\u00e4r cookiepolicyn f\u00f6rklarar vad cookies \u00e4r och hur vi anv\u00e4nder dem, vilka typer av cookies vi anv\u00e4nder, dvs den information vi samlar in med hj\u00e4lp av cookies och hur den informationen anv\u00e4nds, och hur man kontrollerar cookie-preferenserna.<\/p>\n<p>Du kan n\u00e4r som helst \u00e4ndra eller \u00e5terkalla ditt samtycke fr\u00e5n Cookie-deklarationen p\u00e5 v\u00e5r webbplats. Ditt samtycke g\u00e4ller f\u00f6r f\u00f6ljande dom\u00e4ner: pharmalundensis.se<\/p>\n<h3>Vad \u00e4r cookies?<\/h3>\n<p>En cookie \u00e4r en liten textfil som inneh\u00e5ller en identifierare (en rad bokst\u00e4ver och siffror) som skickas av en webbserver till en webbl\u00e4sare och som sedan lagras av webbl\u00e4saren. Identifieraren skickas sedan tillbaka till servern varje g\u00e5ng webbl\u00e4saren beg\u00e4r \u00e5tkomst till webbplatsen.<\/p>\n<h3>Hur anv\u00e4nder vi cookies?<\/h3>\n<p>Som de flesta av onlinetj\u00e4nsterna anv\u00e4nder v\u00e5r webbplats f\u00f6rstaparts- och tredjepartscookies f\u00f6r flera \u00e4ndam\u00e5l. F\u00f6rstapartscookies \u00e4r oftast n\u00f6dv\u00e4ndiga f\u00f6r att webbplatsen ska fungera p\u00e5 r\u00e4tt s\u00e4tt, och de samlar inte in n\u00e5gon av dina personligt identifierbara uppgifter.<\/p>\n<p>De tredjepartscookies som anv\u00e4nds p\u00e5 v\u00e5r webbplats \u00e4r fr\u00e4mst f\u00f6r att f\u00f6rst\u00e5 hur webbplatsen fungerar, hur du interagerar med v\u00e5r webbplats, f\u00f6r att h\u00e5lla v\u00e5ra tj\u00e4nster s\u00e4kra, tillhandah\u00e5lla annonser som \u00e4r relevanta f\u00f6r dig och allt som allt ge dig en b\u00e4ttre och f\u00f6rb\u00e4ttrad anv\u00e4ndare uppleva och hj\u00e4lpa till att p\u00e5skynda dina framtida interaktioner med v\u00e5r webbplats.<\/p>\n<h3>Vilka typer av cookies anv\u00e4nder vi?<\/h3>\n<p><strong>Viktigt<\/strong> &#8211; Vissa cookies \u00e4r viktiga f\u00f6r att du ska kunna uppleva den fulla funktionaliteten p\u00e5 v\u00e5r webbplats. De till\u00e5ter oss att underh\u00e5lla anv\u00e4ndarsessioner och f\u00f6rhindra s\u00e4kerhetshot. De samlar inte in eller lagrar n\u00e5gon personlig information.<\/p>\n<p><strong>Statistik<\/strong> &#8211; Dessa cookies lagrar information som antalet bes\u00f6kare p\u00e5 webbplatsen, antalet unika bes\u00f6kare, vilka sidor p\u00e5 webbplatsen som har bes\u00f6kts, k\u00e4llan till bes\u00f6ket, etc. Den h\u00e4r informationen hj\u00e4lper oss att f\u00f6rst\u00e5 och analysera hur bra webbplatsen presterar och d\u00e4r det beh\u00f6ver f\u00f6rb\u00e4ttras.<\/p>\n<p><strong>Funktionell<\/strong> &#8211; Dessa \u00e4r cookies som hj\u00e4lper vissa icke-n\u00f6dv\u00e4ndiga funktioner p\u00e5 v\u00e5r webbplats. Dessa funktioner inkluderar att b\u00e4dda in inneh\u00e5ll som videor eller dela inneh\u00e5ll p\u00e5 webbplatsen p\u00e5 sociala medieplattformar.<\/p>\n<p><strong>Marknadsf\u00f6ring<\/strong> &#8211; V\u00e5r webbplats visar annonser. Dessa cookies anv\u00e4nds f\u00f6r att anpassa annonserna som vi visar f\u00f6r dig s\u00e5 att de \u00e4r meningsfulla f\u00f6r dig. Dessa cookies hj\u00e4lper oss ocks\u00e5 att h\u00e5lla reda p\u00e5 effektiviteten i dessa annonskampanjer. Informationen som lagras i dessa cookies kan ocks\u00e5 anv\u00e4ndas av tredjeparts annonsleverant\u00f6rer f\u00f6r att visa dig annonser p\u00e5 andra webbplatser i webbl\u00e4saren.<\/p>\n<p><strong>Preferenser<\/strong> &#8211; Dessa cookies hj\u00e4lper oss att lagra dina inst\u00e4llningar och surfpreferenser som spr\u00e5kinst\u00e4llningar s\u00e5 att du f\u00e5r en b\u00e4ttre och effektiv upplevelse vid framtida bes\u00f6k p\u00e5 webbplatsen.<\/p>\n<h3>Hur kan jag kontrollera cookie-preferenserna?<\/h3>\n<p>Om du skulle besluta dig f\u00f6r att \u00e4ndra dina inst\u00e4llningar senare under din surfsession kan du <a id=\"csconsentlink\" href=\"#0\">\u00f6ppna inst\u00e4llningarna f\u00f6r cookies h\u00e4r<\/a>. Detta kommer att visa samtyckesmeddelandet igen s\u00e5 att du kan \u00e4ndra dina inst\u00e4llningar eller dra tillbaka ditt samtycke helt.<\/p>\n<p>Ut\u00f6ver detta erbjuder olika webbl\u00e4sare olika metoder f\u00f6r att blockera och ta bort cookies som anv\u00e4nds av webbplatser. Du kan \u00e4ndra inst\u00e4llningarna i din webbl\u00e4sare f\u00f6r att blockera\/radera cookies. F\u00f6r att ta reda p\u00e5 mer om hur du hanterar och raderar cookies, bes\u00f6k <a href=\"https:\/\/sv.wikipedia.org\/wiki\/Webbkaka\">Wikipedia.org<\/a> eller <a href=\"https:\/\/www.pts.se\/sv\/privat\/internet\/integritet\/kakor-cookies\/\">Post- och telestyrelsens hemsida<\/a>.<\/p>\n","protected":false},"excerpt":{"rendered":"<p>Om denna cookiepolicy Den h\u00e4r cookiepolicyn f\u00f6rklarar vad cookies \u00e4r och hur vi anv\u00e4nder dem, vilka typer av cookies vi [&hellip;]<\/p>\n","protected":false},"author":1,"featured_media":0,"parent":0,"menu_order":0,"comment_status":"closed","ping_status":"closed","template":"","meta":{"_acf_changed":false,"_monsterinsights_skip_tracking":false,"_monsterinsights_sitenote_active":false,"_monsterinsights_sitenote_note":"","_monsterinsights_sitenote_category":0,"footnotes":""},"class_list":["post-6386","page","type-page","status-publish","hentry"],"acf":[],"yoast_head":"<!-- This site is optimized with the Yoast SEO plugin v27.4 - https:\/\/yoast.com\/product\/yoast-seo-wordpress\/ -->\n<title>Cookiepolicy (in swedish) - Pharmalundensis<\/title>\n<meta name=\"description\" content=\"Om denna cookiepolicy Den h\u00e4r cookiepolicyn f\u00f6rklarar vad cookies \u00e4r och hur vi anv\u00e4nder dem, vilka typer av cookies vi anv\u00e4nder, dvs den information vi\" \/>\n<meta name=\"robots\" content=\"index, follow, max-snippet:-1, max-image-preview:large, max-video-preview:-1\" \/>\n<link rel=\"canonical\" href=\"https:\/\/pharmalundensis.se\/en\/cookiepolicy\/\" \/>\n<meta property=\"og:locale\" content=\"en_US\" \/>\n<meta property=\"og:type\" content=\"article\" \/>\n<meta property=\"og:title\" content=\"Cookiepolicy (in swedish) - Pharmalundensis\" \/>\n<meta property=\"og:description\" content=\"Om denna cookiepolicy Den h\u00e4r cookiepolicyn f\u00f6rklarar vad cookies \u00e4r och hur vi anv\u00e4nder dem, vilka typer av cookies vi anv\u00e4nder, dvs den information vi\" \/>\n<meta property=\"og:url\" content=\"https:\/\/pharmalundensis.se\/en\/cookiepolicy\/\" \/>\n<meta property=\"og:site_name\" content=\"Pharmalundensis\" \/>\n<meta property=\"article:modified_time\" content=\"2026-01-14T10:48:27+00:00\" \/>\n<meta name=\"twitter:card\" content=\"summary_large_image\" \/>\n<meta name=\"twitter:label1\" content=\"Est. reading time\" \/>\n\t<meta name=\"twitter:data1\" content=\"3 minutes\" \/>\n<script type=\"application\/ld+json\" class=\"yoast-schema-graph\">{\"@context\":\"https:\\\/\\\/schema.org\",\"@graph\":[{\"@type\":\"WebPage\",\"@id\":\"https:\\\/\\\/pharmalundensis.se\\\/en\\\/cookiepolicy\\\/\",\"url\":\"https:\\\/\\\/pharmalundensis.se\\\/en\\\/cookiepolicy\\\/\",\"name\":\"Cookiepolicy (in swedish) - Pharmalundensis\",\"isPartOf\":{\"@id\":\"https:\\\/\\\/pharmalundensis.se\\\/#website\"},\"datePublished\":\"2026-01-14T10:47:34+00:00\",\"dateModified\":\"2026-01-14T10:48:27+00:00\",\"description\":\"Om denna cookiepolicy Den h\u00e4r cookiepolicyn f\u00f6rklarar vad cookies \u00e4r och hur vi anv\u00e4nder dem, vilka typer av cookies vi anv\u00e4nder, dvs den information vi\",\"breadcrumb\":{\"@id\":\"https:\\\/\\\/pharmalundensis.se\\\/en\\\/cookiepolicy\\\/#breadcrumb\"},\"inLanguage\":\"en-US\",\"potentialAction\":[{\"@type\":\"ReadAction\",\"target\":[\"https:\\\/\\\/pharmalundensis.se\\\/en\\\/cookiepolicy\\\/\"]}]},{\"@type\":\"BreadcrumbList\",\"@id\":\"https:\\\/\\\/pharmalundensis.se\\\/en\\\/cookiepolicy\\\/#breadcrumb\",\"itemListElement\":[{\"@type\":\"ListItem\",\"position\":1,\"name\":\"Hem\",\"item\":\"https:\\\/\\\/pharmalundensis.se\\\/en\\\/\"},{\"@type\":\"ListItem\",\"position\":2,\"name\":\"Cookiepolicy (in swedish)\"}]},{\"@type\":\"WebSite\",\"@id\":\"https:\\\/\\\/pharmalundensis.se\\\/#website\",\"url\":\"https:\\\/\\\/pharmalundensis.se\\\/\",\"name\":\"Pharmalundensis\",\"description\":\"\",\"publisher\":{\"@id\":\"https:\\\/\\\/pharmalundensis.se\\\/#organization\"},\"potentialAction\":[{\"@type\":\"SearchAction\",\"target\":{\"@type\":\"EntryPoint\",\"urlTemplate\":\"https:\\\/\\\/pharmalundensis.se\\\/?s={search_term_string}\"},\"query-input\":{\"@type\":\"PropertyValueSpecification\",\"valueRequired\":true,\"valueName\":\"search_term_string\"}}],\"inLanguage\":\"en-US\"},{\"@type\":\"Organization\",\"@id\":\"https:\\\/\\\/pharmalundensis.se\\\/#organization\",\"name\":\"Pharmalundensis\",\"url\":\"https:\\\/\\\/pharmalundensis.se\\\/\",\"logo\":{\"@type\":\"ImageObject\",\"inLanguage\":\"en-US\",\"@id\":\"https:\\\/\\\/pharmalundensis.se\\\/#\\\/schema\\\/logo\\\/image\\\/\",\"url\":\"\",\"contentUrl\":\"\",\"caption\":\"Pharmalundensis\"},\"image\":{\"@id\":\"https:\\\/\\\/pharmalundensis.se\\\/#\\\/schema\\\/logo\\\/image\\\/\"}}]}<\/script>\n<!-- \/ Yoast SEO plugin. -->","yoast_head_json":{"title":"Cookiepolicy (in swedish) - Pharmalundensis","description":"Om denna cookiepolicy Den h\u00e4r cookiepolicyn f\u00f6rklarar vad cookies \u00e4r och hur vi anv\u00e4nder dem, vilka typer av cookies vi anv\u00e4nder, dvs den information vi","robots":{"index":"index","follow":"follow","max-snippet":"max-snippet:-1","max-image-preview":"max-image-preview:large","max-video-preview":"max-video-preview:-1"},"canonical":"https:\/\/pharmalundensis.se\/en\/cookiepolicy\/","og_locale":"en_US","og_type":"article","og_title":"Cookiepolicy (in swedish) - Pharmalundensis","og_description":"Om denna cookiepolicy Den h\u00e4r cookiepolicyn f\u00f6rklarar vad cookies \u00e4r och hur vi anv\u00e4nder dem, vilka typer av cookies vi anv\u00e4nder, dvs den information vi","og_url":"https:\/\/pharmalundensis.se\/en\/cookiepolicy\/","og_site_name":"Pharmalundensis","article_modified_time":"2026-01-14T10:48:27+00:00","twitter_card":"summary_large_image","twitter_misc":{"Est. reading time":"3 minutes"},"schema":{"@context":"https:\/\/schema.org","@graph":[{"@type":"WebPage","@id":"https:\/\/pharmalundensis.se\/en\/cookiepolicy\/","url":"https:\/\/pharmalundensis.se\/en\/cookiepolicy\/","name":"Cookiepolicy (in swedish) - Pharmalundensis","isPartOf":{"@id":"https:\/\/pharmalundensis.se\/#website"},"datePublished":"2026-01-14T10:47:34+00:00","dateModified":"2026-01-14T10:48:27+00:00","description":"Om denna cookiepolicy Den h\u00e4r cookiepolicyn f\u00f6rklarar vad cookies \u00e4r och hur vi anv\u00e4nder dem, vilka typer av cookies vi anv\u00e4nder, dvs den information vi","breadcrumb":{"@id":"https:\/\/pharmalundensis.se\/en\/cookiepolicy\/#breadcrumb"},"inLanguage":"en-US","potentialAction":[{"@type":"ReadAction","target":["https:\/\/pharmalundensis.se\/en\/cookiepolicy\/"]}]},{"@type":"BreadcrumbList","@id":"https:\/\/pharmalundensis.se\/en\/cookiepolicy\/#breadcrumb","itemListElement":[{"@type":"ListItem","position":1,"name":"Hem","item":"https:\/\/pharmalundensis.se\/en\/"},{"@type":"ListItem","position":2,"name":"Cookiepolicy (in swedish)"}]},{"@type":"WebSite","@id":"https:\/\/pharmalundensis.se\/#website","url":"https:\/\/pharmalundensis.se\/","name":"Pharmalundensis","description":"","publisher":{"@id":"https:\/\/pharmalundensis.se\/#organization"},"potentialAction":[{"@type":"SearchAction","target":{"@type":"EntryPoint","urlTemplate":"https:\/\/pharmalundensis.se\/?s={search_term_string}"},"query-input":{"@type":"PropertyValueSpecification","valueRequired":true,"valueName":"search_term_string"}}],"inLanguage":"en-US"},{"@type":"Organization","@id":"https:\/\/pharmalundensis.se\/#organization","name":"Pharmalundensis","url":"https:\/\/pharmalundensis.se\/","logo":{"@type":"ImageObject","inLanguage":"en-US","@id":"https:\/\/pharmalundensis.se\/#\/schema\/logo\/image\/","url":"","contentUrl":"","caption":"Pharmalundensis"},"image":{"@id":"https:\/\/pharmalundensis.se\/#\/schema\/logo\/image\/"}}]}},"rttpg_featured_image_url":null,"rttpg_author":{"display_name":"xlibris","author_link":"https:\/\/pharmalundensis.se\/en\/author\/xlibris\/"},"rttpg_comment":0,"rttpg_category":false,"rttpg_excerpt":"Om denna cookiepolicy Den h\u00e4r cookiepolicyn f\u00f6rklarar vad cookies \u00e4r och hur vi anv\u00e4nder dem, vilka typer av cookies vi [&hellip;]","_links":{"self":[{"href":"https:\/\/pharmalundensis.se\/en\/wp-json\/wp\/v2\/pages\/6386","targetHints":{"allow":["GET"]}}],"collection":[{"href":"https:\/\/pharmalundensis.se\/en\/wp-json\/wp\/v2\/pages"}],"about":[{"href":"https:\/\/pharmalundensis.se\/en\/wp-json\/wp\/v2\/types\/page"}],"author":[{"embeddable":true,"href":"https:\/\/pharmalundensis.se\/en\/wp-json\/wp\/v2\/users\/1"}],"replies":[{"embeddable":true,"href":"https:\/\/pharmalundensis.se\/en\/wp-json\/wp\/v2\/comments?post=6386"}],"version-history":[{"count":0,"href":"https:\/\/pharmalundensis.se\/en\/wp-json\/wp\/v2\/pages\/6386\/revisions"}],"wp:attachment":[{"href":"https:\/\/pharmalundensis.se\/en\/wp-json\/wp\/v2\/media?parent=6386"}],"curies":[{"name":"wp","href":"https:\/\/api.w.org\/{rel}","templated":true}]}}